{"id":106,"date":"2025-05-12T09:08:31","date_gmt":"2025-05-12T09:08:31","guid":{"rendered":"https:\/\/strange-margulis.85-215-33-73.plesk.page\/?page_id=106"},"modified":"2025-06-19T06:34:00","modified_gmt":"2025-06-19T06:34:00","slug":"contact-us","status":"publish","type":"page","link":"https:\/\/w-drei.ch\/de\/contact-us\/","title":{"rendered":"Kontaktieren Sie uns"},"content":{"rendered":"<div data-elementor-type=\"wp-page\" data-elementor-id=\"106\" class=\"elementor elementor-106\" data-elementor-post-type=\"page\">\n\t\t\t\t<div class=\"elementor-element elementor-element-6dbdecf e-flex e-con-boxed e-con e-parent\" data-id=\"6dbdecf\" data-element_type=\"container\">\n\t\t\t\t\t<div class=\"e-con-inner\">\n\t\t<div class=\"elementor-element elementor-element-a325ecf e-con-full e-flex e-con e-child\" data-id=\"a325ecf\" data-element_type=\"container\">\n\t\t\t\t<div class=\"elementor-element elementor-element-36b9aff elementor-widget elementor-widget-heading\" data-id=\"36b9aff\" data-element_type=\"widget\" data-widget_type=\"heading.default\">\n\t\t\t\t<div class=\"elementor-widget-container\">\n\t\t\t\t\t<h2 class=\"elementor-heading-title elementor-size-default\">Heim \/ Kontaktieren Sie uns<\/h2>\t\t\t\t<\/div>\n\t\t\t\t<\/div>\n\t\t\t\t<div class=\"elementor-element elementor-element-a1718e6 elementor-widget elementor-widget-heading\" data-id=\"a1718e6\" data-element_type=\"widget\" data-widget_type=\"heading.default\">\n\t\t\t\t<div class=\"elementor-widget-container\">\n\t\t\t\t\t<h2 class=\"elementor-heading-title elementor-size-default\">Kontaktieren Sie uns<\/h2>\t\t\t\t<\/div>\n\t\t\t\t<\/div>\n\t\t\t\t<\/div>\n\t\t<div class=\"elementor-element elementor-element-7c21c1d e-con-full e-flex e-con e-child\" data-id=\"7c21c1d\" data-element_type=\"container\">\n\t\t\t\t<\/div>\n\t\t\t\t\t<\/div>\n\t\t\t\t<\/div>\n\t\t<div class=\"elementor-element elementor-element-14ed8e6 e-con-full e-flex e-con e-parent\" data-id=\"14ed8e6\" data-element_type=\"container\" data-settings=\"{&quot;background_background&quot;:&quot;classic&quot;}\">\n\t\t<div class=\"elementor-element elementor-element-82183be e-flex e-con-boxed e-con e-child\" data-id=\"82183be\" data-element_type=\"container\">\n\t\t\t\t\t<div class=\"e-con-inner\">\n\t\t<div class=\"elementor-element elementor-element-69aa076 e-con-full e-flex e-con e-child\" data-id=\"69aa076\" data-element_type=\"container\">\n\t\t\t\t<div class=\"elementor-element elementor-element-e3ebb84 elementor-widget elementor-widget-heading\" data-id=\"e3ebb84\" data-element_type=\"widget\" data-widget_type=\"heading.default\">\n\t\t\t\t<div class=\"elementor-widget-container\">\n\t\t\t\t\t<h2 class=\"elementor-heading-title elementor-size-default\">Kontaktieren Sie uns<\/h2>\t\t\t\t<\/div>\n\t\t\t\t<\/div>\n\t\t\t\t<div class=\"elementor-element elementor-element-faaa2eb elementor-widget elementor-widget-text-editor\" data-id=\"faaa2eb\" data-element_type=\"widget\" data-widget_type=\"text-editor.default\">\n\t\t\t\t<div class=\"elementor-widget-container\">\n\t\t\t\t\t\t\t\t\t<p>Kontaktieren Sie uns per Telefon, E-Mail oder \u00fcber das Kontaktformular. Wir bem\u00fchen uns, alle Anfragen so schnell wie m\u00f6glich zu beantworten. Sie sind auch herzlich eingeladen, unser B\u00fcro in Z\u00fcrich zu besuchen. Wir freuen uns darauf, mit Ihnen in Kontakt zu treten!<\/p>\t\t\t\t\t\t\t\t<\/div>\n\t\t\t\t<\/div>\n\t\t\t\t<\/div>\n\t\t<div class=\"elementor-element elementor-element-fcadf59 e-con-full e-flex e-con e-child\" data-id=\"fcadf59\" data-element_type=\"container\">\n\t\t\t\t<div class=\"elementor-element elementor-element-edbac7d elementor-widget elementor-widget-shortcode\" data-id=\"edbac7d\" data-element_type=\"widget\" data-widget_type=\"shortcode.default\">\n\t\t\t\t<div class=\"elementor-widget-container\">\n\t\t\t\t\t\t\t<div class=\"elementor-shortcode\">\n<div class=\"wpcf7 no-js\" id=\"wpcf7-f463-o1\" lang=\"en-US\" dir=\"ltr\" data-wpcf7-id=\"463\">\n<div class=\"screen-reader-response\"><p role=\"status\" aria-live=\"polite\" aria-atomic=\"true\"><\/p> <ul><\/ul><\/div>\n<form action=\"\/de\/wp-json\/wp\/v2\/pages\/106#wpcf7-f463-o1\" method=\"post\" class=\"wpcf7-form init\" aria-label=\"Contact form\" novalidate=\"novalidate\" data-status=\"init\" data-trp-original-action=\"\/de\/wp-json\/wp\/v2\/pages\/106#wpcf7-f463-o1\">\n<div style=\"display: none;\">\n<input type=\"hidden\" name=\"_wpcf7\" value=\"463\" \/>\n<input type=\"hidden\" name=\"_wpcf7_version\" value=\"6.0.6\" \/>\n<input type=\"hidden\" name=\"_wpcf7_locale\" value=\"en_US\" \/>\n<input type=\"hidden\" name=\"_wpcf7_unit_tag\" value=\"wpcf7-f463-o1\" \/>\n<input type=\"hidden\" name=\"_wpcf7_container_post\" value=\"0\" \/>\n<input type=\"hidden\" name=\"_wpcf7_posted_data_hash\" value=\"\" \/>\n<input type=\"hidden\" name=\"_wpcf7_recaptcha_response\" value=\"\" \/>\n<\/div>\n<p><label><br \/>\n<span class=\"wpcf7-form-control-wrap\" data-name=\"text-214\"><input size=\"40\" maxlength=\"400\" class=\"wpcf7-form-control wpcf7-text\" autocomplete=\"name\" aria-invalid=\"false\" placeholder=\"Vorname\" value=\"\" type=\"text\" name=\"text-214\" \/><\/span> <\/label>\n<\/p>\n<p><label><br \/>\n<span class=\"wpcf7-form-control-wrap\" data-name=\"text-297\"><input size=\"40\" maxlength=\"400\" class=\"wpcf7-form-control wpcf7-text wpcf7-validates-as-required\" aria-required=\"true\" aria-invalid=\"false\" placeholder=\"Nachname\" value=\"\" type=\"text\" name=\"text-297\" \/><\/span> <\/label>\n<\/p>\n<p><label><br \/>\n<span class=\"wpcf7-form-control-wrap\" data-name=\"email-855\"><input size=\"40\" maxlength=\"400\" class=\"wpcf7-form-control wpcf7-email wpcf7-validates-as-required wpcf7-text wpcf7-validates-as-email\" aria-required=\"true\" aria-invalid=\"false\" placeholder=\"E-Mail\" value=\"\" type=\"email\" name=\"email-855\" \/><\/span> <\/label>\n<\/p>\n<p><label><br \/>\n<span class=\"wpcf7-form-control-wrap\" data-name=\"phonetext-228\"><input size=\"40\" class=\"wpcf7-form-control wpcf7-phonetext wpcf7-validates-as-required wpcf7-text wpcf7-validates-as-phonetext\" data-numberonly=\"true\" aria-required=\"true\" aria-invalid=\"false\" placeholder=\"Telefonnummer\" value=\"\" type=\"text\" name=\"phonetext-228\" \/><input type=\"hidden\" name=\"phonetext-228-country-code\" class=\"wpcf7-phonetext-country-code\" \/><\/span> <\/label>\n<\/p>\n<div class=\"wp-recaptcha\">\n<span class=\"wpcf7-form-control-wrap recaptcha\" data-name=\"recaptcha\"><span data-sitekey=\"6LcJ7IkrAAAAANu1R9rS_pO3Evz-Yll-P2uSxb5p\" class=\"wpcf7-form-control wpcf7-recaptcha g-recaptcha\"><\/span>\r\n<noscript>\r\n\t<div class=\"grecaptcha-noscript\">\r\n\t\t<iframe src=\"https:\/\/www.google.com\/recaptcha\/api\/fallback?k=6LcJ7IkrAAAAANu1R9rS_pO3Evz-Yll-P2uSxb5p\" frameborder=\"0\" scrolling=\"no\" width=\"310\" height=\"430\">\r\n\t\t<\/iframe>\r\n\t\t<textarea name=\"g-recaptcha-response\" rows=\"3\" cols=\"40\" placeholder=\"reCaptcha Response Here\">\r\n\t\t<\/textarea>\r\n\t<\/div>\r\n<\/noscript>\r\n<\/span>\n<\/div>\n<p><input class=\"wpcf7-form-control wpcf7-submit has-spinner\" type=\"submit\" value=\"Absenden\" \/>\n<\/p>\n<style>\n.wpcf7-form input{\n background:transparent;\n padding:20px;\n width:100%;\n border: 1px solid white;\n color:white;\n border-radius:12px;\n backdrop-filter:blur(4px);\n font-family: \"Lexend\", Sans-serif;\n font-size:20px;\n font-weight:200;\n \n}\nlabel{\n width:100%;\n}\ninput::placeholder{\n color:white;\n font-family: \"Lexend\", Sans-serif;\n font-size: 20px;\n}\n.wpcf7-response-output{\n color:white;\n border-radius:8px;\n font-family: \"Lexend\", Sans-serif;\n}\n.wpcf7-submit {\n padding: 8px 24px !important;\n background: #93D502 !important;\n border: none !important;\n color: black !important;\n font-family: \"Lexend\", Sans-serif !important;\n font-weight: 400 !important;\n}\n.intl-tel-input{\n display:flex;\n gap:10px;\n}\n.intl-tel-input input{\n border:none;\n backdrop-filter:blur(0px);\n}\n.intl-tel-input .flag-container{\n position:initial;\n}\n.intl-tel-input .flag-container{\n width: 154px;\n border: 1px solid white;\n border-radius: 12px;\n color: white;\n} \n.intl-tel-input ul.country-list{\n background: #000000a8;\n backdrop-filter: blur(4px);\n color: white;\n border-radius: 12px;\n top: 80px;\n}\n.intl-tel-input .selected-flag .iti-arrow{\n border-top: 4px solid #ffffff;\n right:0;\n}\n.intl-tel-input input{\n border:1px solid white;\n backdrop-filter: blur(4px);\n}\n.intl-tel-input.separate-dial-code.allow-dropdown.iti-sdc-2 input[type=text],\n.intl-tel-input.separate-dial-code.allow-dropdown.iti-sdc-3 input[type=text],\n.intl-tel-input.separate-dial-code.allow-dropdown.iti-sdc-5 input[type=text]{\n padding-left:20px !important; \n}\n.country-list::-webkit-scrollbar {\n width: 8px;\n}\n.country-list::-webkit-scrollbar-thumb {\n background-color: #93D502; \n border-radius: 24px;\n}\n.country-list::-webkit-scrollbar-thumb:hover {\n background-color: #555;\n}\n.country-list::-webkit-scrollbar-track {\n background-color: #000000c4;\n border-radius: 24px;\n}\n.wp-recaptcha{\n margin:10px 0;\n}\n@media(max-width:767px){\n .wpcf7-form input{\n padding: 10px 20px;\n}\n}\n<\/style><div class=\"wpcf7-response-output\" aria-hidden=\"true\"><\/div>\n<input type=\"hidden\" name=\"trp-form-language\" value=\"de\"\/><\/form>\n<\/div>\n<\/div>\n\t\t\t\t\t\t<\/div>\n\t\t\t\t<\/div>\n\t\t\t\t<\/div>\n\t\t\t\t\t<\/div>\n\t\t\t\t<\/div>\n\t\t\t\t<\/div>\n\t\t<div class=\"elementor-element elementor-element-510a346 e-flex e-con-boxed e-con e-parent\" data-id=\"510a346\" data-element_type=\"container\">\n\t\t\t\t\t<div class=\"e-con-inner\">\n\t\t<div class=\"elementor-element elementor-element-61b4444 e-con-full e-flex e-con e-child\" data-id=\"61b4444\" data-element_type=\"container\">\n\t\t\t\t<div class=\"elementor-element elementor-element-f284638 elementor-widget elementor-widget-heading\" data-id=\"f284638\" data-element_type=\"widget\" data-widget_type=\"heading.default\">\n\t\t\t\t<div class=\"elementor-widget-container\">\n\t\t\t\t\t<h2 class=\"elementor-heading-title elementor-size-default\">Haben Sie Fragen?<br>Wir haben Antworten<\/h2>\t\t\t\t<\/div>\n\t\t\t\t<\/div>\n\t\t\t\t<\/div>\n\t\t<div class=\"elementor-element elementor-element-8b82603 e-con-full e-flex e-con e-child\" data-id=\"8b82603\" data-element_type=\"container\">\n\t\t\t\t<div class=\"elementor-element elementor-element-171bf4b elementor-widget elementor-widget-n-accordion\" data-id=\"171bf4b\" data-element_type=\"widget\" data-settings=\"{&quot;n_accordion_animation_duration&quot;:{&quot;unit&quot;:&quot;ms&quot;,&quot;size&quot;:0,&quot;sizes&quot;:[]},&quot;default_state&quot;:&quot;expanded&quot;,&quot;max_items_expended&quot;:&quot;one&quot;}\" data-widget_type=\"nested-accordion.default\">\n\t\t\t\t<div class=\"elementor-widget-container\">\n\t\t\t\t\t\t\t<div class=\"e-n-accordion\" aria-label=\"Accordion. Open links with Enter or Space, close with Escape, and navigate with Arrow Keys\">\n\t\t\t\t\t\t<details id=\"e-n-accordion-item-2420\" class=\"e-n-accordion-item\" open>\n\t\t\t\t<summary class=\"e-n-accordion-item-title\" data-accordion-index=\"1\" tabindex=\"0\" aria-expanded=\"true\" aria-controls=\"e-n-accordion-item-2420\" >\n\t\t\t\t\t<span class='e-n-accordion-item-title-header'><div class=\"e-n-accordion-item-title-text\"> 1. Wie kann ich W3 AG kontaktieren? <\/div><\/span>\n\t\t\t\t\t\t\t<span class='e-n-accordion-item-title-icon'>\n\t\t\t<span class='e-opened' ><svg xmlns=\"http:\/\/www.w3.org\/2000\/svg\" width=\"25\" height=\"23\" viewbox=\"0 0 25 23\" fill=\"none\"><path d=\"M0.242694 4.61742L1.63018 2.58445L20.8035 15.6565L18.0385 1.00471L20.4951 0.541104L24.0494 19.3753L5.21517 22.9296L4.75157 20.473L19.4034 17.708L9.82303 11.1627L0.242694 4.61742Z\" fill=\"#1C1B1F\"><\/path><\/svg><\/span>\n\t\t\t<span class='e-closed'><svg xmlns=\"http:\/\/www.w3.org\/2000\/svg\" width=\"22\" height=\"22\" viewbox=\"0 0 22 22\" fill=\"none\"><path d=\"M2.49042 21.4071L0.75 19.6667L17.1508 3.25H2.24042V0.75H21.4071V19.9167H18.9071V5.00625L2.49042 21.4071Z\" fill=\"#1C1B1F\"><\/path><\/svg><\/span>\n\t\t<\/span>\n\n\t\t\t\t\t\t<\/summary>\n\t\t\t\t<div role=\"region\" aria-labelledby=\"e-n-accordion-item-2420\" class=\"elementor-element elementor-element-f165db9 e-con-full e-flex e-con e-child\" data-id=\"f165db9\" data-element_type=\"container\">\n\t\t<div role=\"region\" aria-labelledby=\"e-n-accordion-item-2420\" class=\"elementor-element elementor-element-ad92a29 e-con-full e-flex e-con e-child\" data-id=\"ad92a29\" data-element_type=\"container\">\n\t\t\t\t<div class=\"elementor-element elementor-element-f248095 elementor-widget elementor-widget-text-editor\" data-id=\"f248095\" data-element_type=\"widget\" data-widget_type=\"text-editor.default\">\n\t\t\t\t<div class=\"elementor-widget-container\">\n\t\t\t\t\t\t\t\t\t<p><span style=\"font-weight: 400;\">Sie k\u00f6nnen uns per Telefon, E-Mail oder \u00fcber das Kontaktformular auf dieser Seite erreichen. Wir melden uns so schnell wie m\u00f6glich bei Ihnen.<\/span><\/p>\t\t\t\t\t\t\t\t<\/div>\n\t\t\t\t<\/div>\n\t\t\t\t<\/div>\n\t\t\t\t<\/div>\n\t\t\t\t\t<\/details>\n\t\t\t\t\t\t<details id=\"e-n-accordion-item-2421\" class=\"e-n-accordion-item\" >\n\t\t\t\t<summary class=\"e-n-accordion-item-title\" data-accordion-index=\"2\" tabindex=\"-1\" aria-expanded=\"false\" aria-controls=\"e-n-accordion-item-2421\" >\n\t\t\t\t\t<span class='e-n-accordion-item-title-header'><div class=\"e-n-accordion-item-title-text\"> 2. Wie werden meine Kontaktdaten verwendet? <\/div><\/span>\n\t\t\t\t\t\t\t<span class='e-n-accordion-item-title-icon'>\n\t\t\t<span class='e-opened' ><svg xmlns=\"http:\/\/www.w3.org\/2000\/svg\" width=\"25\" height=\"23\" viewbox=\"0 0 25 23\" fill=\"none\"><path d=\"M0.242694 4.61742L1.63018 2.58445L20.8035 15.6565L18.0385 1.00471L20.4951 0.541104L24.0494 19.3753L5.21517 22.9296L4.75157 20.473L19.4034 17.708L9.82303 11.1627L0.242694 4.61742Z\" fill=\"#1C1B1F\"><\/path><\/svg><\/span>\n\t\t\t<span class='e-closed'><svg xmlns=\"http:\/\/www.w3.org\/2000\/svg\" width=\"22\" height=\"22\" viewbox=\"0 0 22 22\" fill=\"none\"><path d=\"M2.49042 21.4071L0.75 19.6667L17.1508 3.25H2.24042V0.75H21.4071V19.9167H18.9071V5.00625L2.49042 21.4071Z\" fill=\"#1C1B1F\"><\/path><\/svg><\/span>\n\t\t<\/span>\n\n\t\t\t\t\t\t<\/summary>\n\t\t\t\t<div role=\"region\" aria-labelledby=\"e-n-accordion-item-2421\" class=\"elementor-element elementor-element-f75fe35 e-con-full e-flex e-con e-child\" data-id=\"f75fe35\" data-element_type=\"container\">\n\t\t<div role=\"region\" aria-labelledby=\"e-n-accordion-item-2421\" class=\"elementor-element elementor-element-8420c30 e-con-full e-flex e-con e-child\" data-id=\"8420c30\" data-element_type=\"container\">\n\t\t\t\t<div class=\"elementor-element elementor-element-60823e2 elementor-widget elementor-widget-text-editor\" data-id=\"60823e2\" data-element_type=\"widget\" data-widget_type=\"text-editor.default\">\n\t\t\t\t<div class=\"elementor-widget-container\">\n\t\t\t\t\t\t\t\t\t<p><span style=\"font-weight: 400;\">Ihre Daten werden ausschliesslich zur Beantwortung Ihrer Anfrage verwendet. Wir geben Ihre Informationen nicht weiter und verkaufen sie nicht. Weitere Informationen finden Sie in unserer<a href=\"\/de\/privacy-policy\/\">Datenschutzerkl\u00e4rung<\/a>].<\/span><\/p>\t\t\t\t\t\t\t\t<\/div>\n\t\t\t\t<\/div>\n\t\t\t\t<\/div>\n\t\t\t\t<\/div>\n\t\t\t\t\t<\/details>\n\t\t\t\t\t\t<details id=\"e-n-accordion-item-2422\" class=\"e-n-accordion-item\" >\n\t\t\t\t<summary class=\"e-n-accordion-item-title\" data-accordion-index=\"3\" tabindex=\"-1\" aria-expanded=\"false\" aria-controls=\"e-n-accordion-item-2422\" >\n\t\t\t\t\t<span class='e-n-accordion-item-title-header'><div class=\"e-n-accordion-item-title-text\"> 3. Muss ich mein Projekt im Formular beschreiben? <\/div><\/span>\n\t\t\t\t\t\t\t<span class='e-n-accordion-item-title-icon'>\n\t\t\t<span class='e-opened' ><svg xmlns=\"http:\/\/www.w3.org\/2000\/svg\" width=\"25\" height=\"23\" viewbox=\"0 0 25 23\" fill=\"none\"><path d=\"M0.242694 4.61742L1.63018 2.58445L20.8035 15.6565L18.0385 1.00471L20.4951 0.541104L24.0494 19.3753L5.21517 22.9296L4.75157 20.473L19.4034 17.708L9.82303 11.1627L0.242694 4.61742Z\" fill=\"#1C1B1F\"><\/path><\/svg><\/span>\n\t\t\t<span class='e-closed'><svg xmlns=\"http:\/\/www.w3.org\/2000\/svg\" width=\"22\" height=\"22\" viewbox=\"0 0 22 22\" fill=\"none\"><path d=\"M2.49042 21.4071L0.75 19.6667L17.1508 3.25H2.24042V0.75H21.4071V19.9167H18.9071V5.00625L2.49042 21.4071Z\" fill=\"#1C1B1F\"><\/path><\/svg><\/span>\n\t\t<\/span>\n\n\t\t\t\t\t\t<\/summary>\n\t\t\t\t<div role=\"region\" aria-labelledby=\"e-n-accordion-item-2422\" class=\"elementor-element elementor-element-07d15fc e-con-full e-flex e-con e-child\" data-id=\"07d15fc\" data-element_type=\"container\">\n\t\t<div role=\"region\" aria-labelledby=\"e-n-accordion-item-2422\" class=\"elementor-element elementor-element-ba307c7 e-con-full e-flex e-con e-child\" data-id=\"ba307c7\" data-element_type=\"container\">\n\t\t\t\t<div class=\"elementor-element elementor-element-07d416f elementor-widget elementor-widget-text-editor\" data-id=\"07d416f\" data-element_type=\"widget\" data-widget_type=\"text-editor.default\">\n\t\t\t\t<div class=\"elementor-widget-container\">\n\t\t\t\t\t\t\t\t\t<p><span style=\"font-weight: 400;\">Nein, das Formular dient der schnellen Kontaktaufnahme. Nach dem Absenden wird sich unser Team mit Ihnen in Verbindung setzen, um Ihre Anforderungen im Detail zu besprechen.<\/span><\/p>\t\t\t\t\t\t\t\t<\/div>\n\t\t\t\t<\/div>\n\t\t\t\t<\/div>\n\t\t\t\t<\/div>\n\t\t\t\t\t<\/details>\n\t\t\t\t\t\t<details id=\"e-n-accordion-item-2423\" class=\"e-n-accordion-item\" >\n\t\t\t\t<summary class=\"e-n-accordion-item-title\" data-accordion-index=\"4\" tabindex=\"-1\" aria-expanded=\"false\" aria-controls=\"e-n-accordion-item-2423\" >\n\t\t\t\t\t<span class='e-n-accordion-item-title-header'><div class=\"e-n-accordion-item-title-text\"> 4. Wie schnell erhalte ich eine Antwort? <\/div><\/span>\n\t\t\t\t\t\t\t<span class='e-n-accordion-item-title-icon'>\n\t\t\t<span class='e-opened' ><svg xmlns=\"http:\/\/www.w3.org\/2000\/svg\" width=\"25\" height=\"23\" viewbox=\"0 0 25 23\" fill=\"none\"><path d=\"M0.242694 4.61742L1.63018 2.58445L20.8035 15.6565L18.0385 1.00471L20.4951 0.541104L24.0494 19.3753L5.21517 22.9296L4.75157 20.473L19.4034 17.708L9.82303 11.1627L0.242694 4.61742Z\" fill=\"#1C1B1F\"><\/path><\/svg><\/span>\n\t\t\t<span class='e-closed'><svg xmlns=\"http:\/\/www.w3.org\/2000\/svg\" width=\"22\" height=\"22\" viewbox=\"0 0 22 22\" fill=\"none\"><path d=\"M2.49042 21.4071L0.75 19.6667L17.1508 3.25H2.24042V0.75H21.4071V19.9167H18.9071V5.00625L2.49042 21.4071Z\" fill=\"#1C1B1F\"><\/path><\/svg><\/span>\n\t\t<\/span>\n\n\t\t\t\t\t\t<\/summary>\n\t\t\t\t<div role=\"region\" aria-labelledby=\"e-n-accordion-item-2423\" class=\"elementor-element elementor-element-37899ca e-con-full e-flex e-con e-child\" data-id=\"37899ca\" data-element_type=\"container\">\n\t\t<div role=\"region\" aria-labelledby=\"e-n-accordion-item-2423\" class=\"elementor-element elementor-element-dee3048 e-con-full e-flex e-con e-child\" data-id=\"dee3048\" data-element_type=\"container\">\n\t\t\t\t<div class=\"elementor-element elementor-element-62f0b64 elementor-widget elementor-widget-text-editor\" data-id=\"62f0b64\" data-element_type=\"widget\" data-widget_type=\"text-editor.default\">\n\t\t\t\t<div class=\"elementor-widget-container\">\n\t\t\t\t\t\t\t\t\t<p><span style=\"font-weight: 400;\">Wir bem\u00fchen uns, alle Anfragen innerhalb von 1\u20132 Werktagen zu beantworten. Bei dringenden Anliegen empfehlen wir, uns direkt anzurufen.<\/span><\/p>\t\t\t\t\t\t\t\t<\/div>\n\t\t\t\t<\/div>\n\t\t\t\t<\/div>\n\t\t\t\t<\/div>\n\t\t\t\t\t<\/details>\n\t\t\t\t\t\t<details id=\"e-n-accordion-item-2424\" class=\"e-n-accordion-item\" >\n\t\t\t\t<summary class=\"e-n-accordion-item-title\" data-accordion-index=\"5\" tabindex=\"-1\" aria-expanded=\"false\" aria-controls=\"e-n-accordion-item-2424\" >\n\t\t\t\t\t<span class='e-n-accordion-item-title-header'><div class=\"e-n-accordion-item-title-text\"> 5. Was ist, wenn ich lieber anrufe, anstatt das Formular zu nutzen? <\/div><\/span>\n\t\t\t\t\t\t\t<span class='e-n-accordion-item-title-icon'>\n\t\t\t<span class='e-opened' ><svg xmlns=\"http:\/\/www.w3.org\/2000\/svg\" width=\"25\" height=\"23\" viewbox=\"0 0 25 23\" fill=\"none\"><path d=\"M0.242694 4.61742L1.63018 2.58445L20.8035 15.6565L18.0385 1.00471L20.4951 0.541104L24.0494 19.3753L5.21517 22.9296L4.75157 20.473L19.4034 17.708L9.82303 11.1627L0.242694 4.61742Z\" fill=\"#1C1B1F\"><\/path><\/svg><\/span>\n\t\t\t<span class='e-closed'><svg xmlns=\"http:\/\/www.w3.org\/2000\/svg\" width=\"22\" height=\"22\" viewbox=\"0 0 22 22\" fill=\"none\"><path d=\"M2.49042 21.4071L0.75 19.6667L17.1508 3.25H2.24042V0.75H21.4071V19.9167H18.9071V5.00625L2.49042 21.4071Z\" fill=\"#1C1B1F\"><\/path><\/svg><\/span>\n\t\t<\/span>\n\n\t\t\t\t\t\t<\/summary>\n\t\t\t\t<div role=\"region\" aria-labelledby=\"e-n-accordion-item-2424\" class=\"elementor-element elementor-element-a3e2a72 e-con-full e-flex e-con e-child\" data-id=\"a3e2a72\" data-element_type=\"container\">\n\t\t<div role=\"region\" aria-labelledby=\"e-n-accordion-item-2424\" class=\"elementor-element elementor-element-c2d4767 e-con-full e-flex e-con e-child\" data-id=\"c2d4767\" data-element_type=\"container\">\n\t\t\t\t<div class=\"elementor-element elementor-element-6083907 elementor-widget elementor-widget-text-editor\" data-id=\"6083907\" data-element_type=\"widget\" data-widget_type=\"text-editor.default\">\n\t\t\t\t<div class=\"elementor-widget-container\">\n\t\t\t\t\t\t\t\t\t<p><span style=\"font-weight: 400;\">Das ist \u00fcberhaupt kein Problem. Unsere Telefonnummer finden Sie unten \u2013 wir freuen uns, w\u00e4hrend unserer Gesch\u00e4ftszeiten direkt mit Ihnen zu sprechen.<\/span><\/p>\t\t\t\t\t\t\t\t<\/div>\n\t\t\t\t<\/div>\n\t\t\t\t<\/div>\n\t\t\t\t<\/div>\n\t\t\t\t\t<\/details>\n\t\t\t\t\t\t<details id=\"e-n-accordion-item-2425\" class=\"e-n-accordion-item\" >\n\t\t\t\t<summary class=\"e-n-accordion-item-title\" data-accordion-index=\"6\" tabindex=\"-1\" aria-expanded=\"false\" aria-controls=\"e-n-accordion-item-2425\" >\n\t\t\t\t\t<span class='e-n-accordion-item-title-header'><div class=\"e-n-accordion-item-title-text\"> 6. Wo befindet sich Ihr B\u00fcro und wie lauten Ihre Gesch\u00e4ftszeiten? <\/div><\/span>\n\t\t\t\t\t\t\t<span class='e-n-accordion-item-title-icon'>\n\t\t\t<span class='e-opened' ><svg xmlns=\"http:\/\/www.w3.org\/2000\/svg\" width=\"25\" height=\"23\" viewbox=\"0 0 25 23\" fill=\"none\"><path d=\"M0.242694 4.61742L1.63018 2.58445L20.8035 15.6565L18.0385 1.00471L20.4951 0.541104L24.0494 19.3753L5.21517 22.9296L4.75157 20.473L19.4034 17.708L9.82303 11.1627L0.242694 4.61742Z\" fill=\"#1C1B1F\"><\/path><\/svg><\/span>\n\t\t\t<span class='e-closed'><svg xmlns=\"http:\/\/www.w3.org\/2000\/svg\" width=\"22\" height=\"22\" viewbox=\"0 0 22 22\" fill=\"none\"><path d=\"M2.49042 21.4071L0.75 19.6667L17.1508 3.25H2.24042V0.75H21.4071V19.9167H18.9071V5.00625L2.49042 21.4071Z\" fill=\"#1C1B1F\"><\/path><\/svg><\/span>\n\t\t<\/span>\n\n\t\t\t\t\t\t<\/summary>\n\t\t\t\t<div role=\"region\" aria-labelledby=\"e-n-accordion-item-2425\" class=\"elementor-element elementor-element-1f52b11 e-con-full e-flex e-con e-child\" data-id=\"1f52b11\" data-element_type=\"container\">\n\t\t<div role=\"region\" aria-labelledby=\"e-n-accordion-item-2425\" class=\"elementor-element elementor-element-eee8b69 e-con-full e-flex e-con e-child\" data-id=\"eee8b69\" data-element_type=\"container\">\n\t\t\t\t<div class=\"elementor-element elementor-element-542d0af elementor-widget elementor-widget-text-editor\" data-id=\"542d0af\" data-element_type=\"widget\" data-widget_type=\"text-editor.default\">\n\t\t\t\t<div class=\"elementor-widget-container\">\n\t\t\t\t\t\t\t\t\t<p><span style=\"font-weight: 400;\">Unser B\u00fcro befindet sich in Z\u00fcrich, Schweiz. Wir sind in der Regel von Montag bis Freitag w\u00e4hrend der \u00fcblichen Gesch\u00e4ftszeiten erreichbar.<\/span><\/p>\t\t\t\t\t\t\t\t<\/div>\n\t\t\t\t<\/div>\n\t\t\t\t<\/div>\n\t\t\t\t<\/div>\n\t\t\t\t\t<\/details>\n\t\t\t\t\t<\/div>\n\t\t\t\t\t\t<\/div>\n\t\t\t\t<\/div>\n\t\t\t\t<\/div>\n\t\t\t\t\t<\/div>\n\t\t\t\t<\/div>\n\t\t\t\t<\/div>","protected":false},"excerpt":{"rendered":"<p>Home \/ Contact Us Contact Us Get In touch With us Reach out to us by phone, email, or by filling out the contact form. We aim to respond to all inquiries as quickly as possible. You\u2019re also welcome to visit our office in Z\u00fcrich. We look forward to connecting with you! Got Questions?\u2028We\u2019ve Got [&hellip;]<\/p>","protected":false},"author":1,"featured_media":0,"parent":0,"menu_order":0,"comment_status":"closed","ping_status":"closed","template":"elementor_header_footer","meta":{"footnotes":""},"class_list":["post-106","page","type-page","status-publish","hentry"],"_links":{"self":[{"href":"https:\/\/w-drei.ch\/de\/wp-json\/wp\/v2\/pages\/106","targetHints":{"allow":["GET"]}}],"collection":[{"href":"https:\/\/w-drei.ch\/de\/wp-json\/wp\/v2\/pages"}],"about":[{"href":"https:\/\/w-drei.ch\/de\/wp-json\/wp\/v2\/types\/page"}],"author":[{"embeddable":true,"href":"https:\/\/w-drei.ch\/de\/wp-json\/wp\/v2\/users\/1"}],"replies":[{"embeddable":true,"href":"https:\/\/w-drei.ch\/de\/wp-json\/wp\/v2\/comments?post=106"}],"version-history":[{"count":103,"href":"https:\/\/w-drei.ch\/de\/wp-json\/wp\/v2\/pages\/106\/revisions"}],"predecessor-version":[{"id":1785,"href":"https:\/\/w-drei.ch\/de\/wp-json\/wp\/v2\/pages\/106\/revisions\/1785"}],"wp:attachment":[{"href":"https:\/\/w-drei.ch\/de\/wp-json\/wp\/v2\/media?parent=106"}],"curies":[{"name":"wp","href":"https:\/\/api.w.org\/{rel}","templated":true}]}}