{"id":373,"date":"2025-05-13T06:19:02","date_gmt":"2025-05-13T06:19:02","guid":{"rendered":"https:\/\/strange-margulis.85-215-33-73.plesk.page\/?page_id=373"},"modified":"2025-06-19T06:31:38","modified_gmt":"2025-06-19T06:31:38","slug":"services","status":"publish","type":"page","link":"https:\/\/w-drei.ch\/de\/services\/","title":{"rendered":"Dienstleistungen"},"content":{"rendered":"<div data-elementor-type=\"wp-page\" data-elementor-id=\"373\" class=\"elementor elementor-373\" data-elementor-post-type=\"page\">\n\t\t\t\t<div class=\"elementor-element elementor-element-9c9df54 e-flex e-con-boxed e-con e-parent\" data-id=\"9c9df54\" data-element_type=\"container\">\n\t\t\t\t\t<div class=\"e-con-inner\">\n\t\t<div class=\"elementor-element elementor-element-811b9a6 e-con-full e-flex e-con e-child\" data-id=\"811b9a6\" data-element_type=\"container\">\n\t\t\t\t<div class=\"elementor-element elementor-element-d67a3f9 elementor-widget elementor-widget-heading\" data-id=\"d67a3f9\" data-element_type=\"widget\" data-widget_type=\"heading.default\">\n\t\t\t\t<div class=\"elementor-widget-container\">\n\t\t\t\t\t<h2 class=\"elementor-heading-title elementor-size-default\">Heim \/Industrien<\/h2>\t\t\t\t<\/div>\n\t\t\t\t<\/div>\n\t\t\t\t<div class=\"elementor-element elementor-element-250a8ee elementor-widget elementor-widget-heading\" data-id=\"250a8ee\" data-element_type=\"widget\" data-widget_type=\"heading.default\">\n\t\t\t\t<div class=\"elementor-widget-container\">\n\t\t\t\t\t<h2 class=\"elementor-heading-title elementor-size-default\">Dienstleistungen<\/h2>\t\t\t\t<\/div>\n\t\t\t\t<\/div>\n\t\t\t\t<\/div>\n\t\t<div class=\"elementor-element elementor-element-5cf3f75 e-con-full e-flex e-con e-child\" data-id=\"5cf3f75\" data-element_type=\"container\">\n\t\t\t\t<\/div>\n\t\t\t\t\t<\/div>\n\t\t\t\t<\/div>\n\t\t<div class=\"elementor-element elementor-element-c9bbe4e e-flex e-con-boxed e-con e-parent\" data-id=\"c9bbe4e\" data-element_type=\"container\">\n\t\t\t\t\t<div class=\"e-con-inner\">\n\t\t<a class=\"elementor-element elementor-element-c467873 e-con-full e-flex e-con e-child\" data-id=\"c467873\" data-element_type=\"container\" data-settings=\"{&quot;background_background&quot;:&quot;classic&quot;}\" href=\"\/de\/heating-and-cooling\/\">\n\t\t<div class=\"elementor-element elementor-element-545ec4d e-con-full e-flex e-con e-child\" data-id=\"545ec4d\" data-element_type=\"container\">\n\t\t\t\t<div class=\"elementor-element elementor-element-090d408 elementor-widget elementor-widget-heading\" data-id=\"090d408\" data-element_type=\"widget\" data-widget_type=\"heading.default\">\n\t\t\t\t<div class=\"elementor-widget-container\">\n\t\t\t\t\t<h2 class=\"elementor-heading-title elementor-size-default\">Heizung \/  <br>: K\u00fchlung,<\/h2>\t\t\t\t<\/div>\n\t\t\t\t<\/div>\n\t\t\t\t<div class=\"elementor-element elementor-element-d745ce8 elementor-widget elementor-widget-heading\" data-id=\"d745ce8\" data-element_type=\"widget\" data-widget_type=\"heading.default\">\n\t\t\t\t<div class=\"elementor-widget-container\">\n\t\t\t\t\t<h2 class=\"elementor-heading-title elementor-size-default\">01<\/h2>\t\t\t\t<\/div>\n\t\t\t\t<\/div>\n\t\t\t\t<\/div>\n\t\t<div class=\"elementor-element elementor-element-f030dc1 e-con-full e-flex e-con e-child\" data-id=\"f030dc1\" data-element_type=\"container\">\n\t\t\t\t<div class=\"elementor-element elementor-element-3b99112 elementor-widget elementor-widget-image\" data-id=\"3b99112\" data-element_type=\"widget\" data-widget_type=\"image.default\">\n\t\t\t\t<div class=\"elementor-widget-container\">\n\t\t\t\t\t\t\t\t\t\t\t\t\t\t\t<img fetchpriority=\"high\" decoding=\"async\" width=\"800\" height=\"500\" src=\"https:\/\/w-drei.ch\/wp-content\/uploads\/2025\/05\/service_1-1024x640.png\" class=\"attachment-large size-large wp-image-414\" alt=\"\" srcset=\"https:\/\/w-drei.ch\/wp-content\/uploads\/2025\/05\/service_1-1024x640.png 1024w, https:\/\/w-drei.ch\/wp-content\/uploads\/2025\/05\/service_1-300x188.png 300w, https:\/\/w-drei.ch\/wp-content\/uploads\/2025\/05\/service_1-768x480.png 768w, https:\/\/w-drei.ch\/wp-content\/uploads\/2025\/05\/service_1-1536x960.png 1536w, https:\/\/w-drei.ch\/wp-content\/uploads\/2025\/05\/service_1-2048x1280.png 2048w\" sizes=\"(max-width: 800px) 100vw, 800px\" \/>\t\t\t\t\t\t\t\t\t\t\t\t\t\t\t<\/div>\n\t\t\t\t<\/div>\n\t\t\t\t<\/div>\n\t\t\t\t<div class=\"elementor-element elementor-element-0bb08f1 elementor-widget elementor-widget-text-editor\" data-id=\"0bb08f1\" data-element_type=\"widget\" data-widget_type=\"text-editor.default\">\n\t\t\t\t<div class=\"elementor-widget-container\">\n\t\t\t\t\t\t\t\t\t<p><span style=\"font-weight: 400;\">Heiz- und K\u00fchlsysteme mit Energieberatung, Minergie-zertifizierten Konzepten und vollst\u00e4ndiger Projektumsetzung durch CAD- und BIM-gest\u00fctzte Planung.<\/span><\/p>\t\t\t\t\t\t\t\t<\/div>\n\t\t\t\t<\/div>\n\t\t\t\t<\/a>\n\t\t<a class=\"elementor-element elementor-element-eb65675 e-con-full e-flex e-con e-child\" data-id=\"eb65675\" data-element_type=\"container\" data-settings=\"{&quot;background_background&quot;:&quot;classic&quot;}\" href=\"\/de\/ventilation-air-conditioning\/\">\n\t\t<div class=\"elementor-element elementor-element-57eb43a e-con-full e-flex e-con e-child\" data-id=\"57eb43a\" data-element_type=\"container\">\n\t\t\t\t<div class=\"elementor-element elementor-element-88d77c6 elementor-widget elementor-widget-heading\" data-id=\"88d77c6\" data-element_type=\"widget\" data-widget_type=\"heading.default\">\n\t\t\t\t<div class=\"elementor-widget-container\">\n\t\t\t\t\t<h2 class=\"elementor-heading-title elementor-size-default\">L\u00fcftung | Klimatisierung<\/h2>\t\t\t\t<\/div>\n\t\t\t\t<\/div>\n\t\t\t\t<div class=\"elementor-element elementor-element-4d2c272 elementor-widget elementor-widget-heading\" data-id=\"4d2c272\" data-element_type=\"widget\" data-widget_type=\"heading.default\">\n\t\t\t\t<div class=\"elementor-widget-container\">\n\t\t\t\t\t<h2 class=\"elementor-heading-title elementor-size-default\">02<\/h2>\t\t\t\t<\/div>\n\t\t\t\t<\/div>\n\t\t\t\t<\/div>\n\t\t<div class=\"elementor-element elementor-element-e353644 e-con-full e-flex e-con e-child\" data-id=\"e353644\" data-element_type=\"container\">\n\t\t\t\t<div class=\"elementor-element elementor-element-448c09d elementor-widget elementor-widget-image\" data-id=\"448c09d\" data-element_type=\"widget\" data-widget_type=\"image.default\">\n\t\t\t\t<div class=\"elementor-widget-container\">\n\t\t\t\t\t\t\t\t\t\t\t\t\t\t\t<img decoding=\"async\" width=\"800\" height=\"436\" src=\"https:\/\/w-drei.ch\/wp-content\/uploads\/2025\/05\/service_2-1024x558.png\" class=\"attachment-large size-large wp-image-413\" alt=\"\" srcset=\"https:\/\/w-drei.ch\/wp-content\/uploads\/2025\/05\/service_2-1024x558.png 1024w, https:\/\/w-drei.ch\/wp-content\/uploads\/2025\/05\/service_2-300x163.png 300w, https:\/\/w-drei.ch\/wp-content\/uploads\/2025\/05\/service_2-768x418.png 768w, https:\/\/w-drei.ch\/wp-content\/uploads\/2025\/05\/service_2-1536x837.png 1536w, https:\/\/w-drei.ch\/wp-content\/uploads\/2025\/05\/service_2-2048x1115.png 2048w\" sizes=\"(max-width: 800px) 100vw, 800px\" \/>\t\t\t\t\t\t\t\t\t\t\t\t\t\t\t<\/div>\n\t\t\t\t<\/div>\n\t\t\t\t<\/div>\n\t\t\t\t<div class=\"elementor-element elementor-element-e2bca68 elementor-widget elementor-widget-text-editor\" data-id=\"e2bca68\" data-element_type=\"widget\" data-widget_type=\"text-editor.default\">\n\t\t\t\t<div class=\"elementor-widget-container\">\n\t\t\t\t\t\t\t\t\t<p><span style=\"font-weight: 400;\">Fachgerechte L\u00f6sungen f\u00fcr L\u00fcftungs- und Klimaanlagen \u2013 von der Planung \u00fcber die Ausf\u00fchrung bis hin zur Wartung. Optimiert durch BIM, 3D-CAD und pr\u00e4zise Systemanalysen.<\/span><\/p>\t\t\t\t\t\t\t\t<\/div>\n\t\t\t\t<\/div>\n\t\t\t\t<\/a>\n\t\t<a class=\"elementor-element elementor-element-b1cf35e e-con-full e-flex e-con e-child\" data-id=\"b1cf35e\" data-element_type=\"container\" data-settings=\"{&quot;background_background&quot;:&quot;classic&quot;}\" href=\"\/de\/sanitary-medical-technology\/\">\n\t\t<div class=\"elementor-element elementor-element-9ba2f31 e-con-full e-flex e-con e-child\" data-id=\"9ba2f31\" data-element_type=\"container\">\n\t\t\t\t<div class=\"elementor-element elementor-element-b8b4892 elementor-widget elementor-widget-heading\" data-id=\"b8b4892\" data-element_type=\"widget\" data-widget_type=\"heading.default\">\n\t\t\t\t<div class=\"elementor-widget-container\">\n\t\t\t\t\t<h2 class=\"elementor-heading-title elementor-size-default\">Sanit\u00e4r | Medizintechnik<\/h2>\t\t\t\t<\/div>\n\t\t\t\t<\/div>\n\t\t\t\t<div class=\"elementor-element elementor-element-8c52b95 elementor-widget elementor-widget-heading\" data-id=\"8c52b95\" data-element_type=\"widget\" data-widget_type=\"heading.default\">\n\t\t\t\t<div class=\"elementor-widget-container\">\n\t\t\t\t\t<h2 class=\"elementor-heading-title elementor-size-default\">03<\/h2>\t\t\t\t<\/div>\n\t\t\t\t<\/div>\n\t\t\t\t<\/div>\n\t\t<div class=\"elementor-element elementor-element-74f6146 e-con-full e-flex e-con e-child\" data-id=\"74f6146\" data-element_type=\"container\">\n\t\t\t\t<div class=\"elementor-element elementor-element-ee95a13 elementor-widget elementor-widget-image\" data-id=\"ee95a13\" data-element_type=\"widget\" data-widget_type=\"image.default\">\n\t\t\t\t<div class=\"elementor-widget-container\">\n\t\t\t\t\t\t\t\t\t\t\t\t\t\t\t<img decoding=\"async\" width=\"800\" height=\"500\" src=\"https:\/\/w-drei.ch\/wp-content\/uploads\/2025\/05\/service_3-1024x640.png\" class=\"attachment-large size-large wp-image-412\" alt=\"\" srcset=\"https:\/\/w-drei.ch\/wp-content\/uploads\/2025\/05\/service_3-1024x640.png 1024w, https:\/\/w-drei.ch\/wp-content\/uploads\/2025\/05\/service_3-300x188.png 300w, https:\/\/w-drei.ch\/wp-content\/uploads\/2025\/05\/service_3-768x480.png 768w, https:\/\/w-drei.ch\/wp-content\/uploads\/2025\/05\/service_3-1536x960.png 1536w, https:\/\/w-drei.ch\/wp-content\/uploads\/2025\/05\/service_3-2048x1280.png 2048w\" sizes=\"(max-width: 800px) 100vw, 800px\" \/>\t\t\t\t\t\t\t\t\t\t\t\t\t\t\t<\/div>\n\t\t\t\t<\/div>\n\t\t\t\t<\/div>\n\t\t\t\t<div class=\"elementor-element elementor-element-4467d24 elementor-widget elementor-widget-text-editor\" data-id=\"4467d24\" data-element_type=\"widget\" data-widget_type=\"text-editor.default\">\n\t\t\t\t<div class=\"elementor-widget-container\">\n\t\t\t\t\t\t\t\t\t<p><span style=\"font-weight: 400;\">Spezialisierte Systeme f\u00fcr Sanit\u00e4r- und Medizintechnik \u2013 inklusive Brandschutz, Entw\u00e4sserung und Gasversorgung. Pr\u00e4zise geplant und ausgef\u00fchrt mit BIM, CAD und technischer Fachkompetenz.<\/span><\/p>\t\t\t\t\t\t\t\t<\/div>\n\t\t\t\t<\/div>\n\t\t\t\t<\/a>\n\t\t\t\t\t<\/div>\n\t\t\t\t<\/div>\n\t\t<div class=\"elementor-element elementor-element-19e2cc4 e-flex e-con-boxed e-con e-parent\" data-id=\"19e2cc4\" data-element_type=\"container\">\n\t\t\t\t\t<div class=\"e-con-inner\">\n\t\t<div class=\"elementor-element elementor-element-13255d4 e-con-full e-flex e-con e-child\" data-id=\"13255d4\" data-element_type=\"container\">\n\t\t\t\t<div class=\"elementor-element elementor-element-e6ab65d elementor-widget elementor-widget-heading\" data-id=\"e6ab65d\" data-element_type=\"widget\" data-widget_type=\"heading.default\">\n\t\t\t\t<div class=\"elementor-widget-container\">\n\t\t\t\t\t<h2 class=\"elementor-heading-title elementor-size-default\">Haben Sie Fragen?<br>Wir haben Antworten<\/h2>\t\t\t\t<\/div>\n\t\t\t\t<\/div>\n\t\t\t\t<\/div>\n\t\t<div class=\"elementor-element elementor-element-9dea4ad e-con-full e-flex e-con e-child\" data-id=\"9dea4ad\" data-element_type=\"container\">\n\t\t\t\t<div class=\"elementor-element elementor-element-ed87812 elementor-widget elementor-widget-n-accordion\" data-id=\"ed87812\" data-element_type=\"widget\" data-settings=\"{&quot;n_accordion_animation_duration&quot;:{&quot;unit&quot;:&quot;ms&quot;,&quot;size&quot;:0,&quot;sizes&quot;:[]},&quot;default_state&quot;:&quot;expanded&quot;,&quot;max_items_expended&quot;:&quot;one&quot;}\" data-widget_type=\"nested-accordion.default\">\n\t\t\t\t<div class=\"elementor-widget-container\">\n\t\t\t\t\t\t\t<div class=\"e-n-accordion\" aria-label=\"Accordion. Open links with Enter or Space, close with Escape, and navigate with Arrow Keys\">\n\t\t\t\t\t\t<details id=\"e-n-accordion-item-2490\" class=\"e-n-accordion-item\" open>\n\t\t\t\t<summary class=\"e-n-accordion-item-title\" data-accordion-index=\"1\" tabindex=\"0\" aria-expanded=\"true\" aria-controls=\"e-n-accordion-item-2490\" >\n\t\t\t\t\t<span class='e-n-accordion-item-title-header'><div class=\"e-n-accordion-item-title-text\"> 1. Welche Arten von Geb\u00e4udetechnik bieten Sie an? <\/div><\/span>\n\t\t\t\t\t\t\t<span class='e-n-accordion-item-title-icon'>\n\t\t\t<span class='e-opened' ><svg xmlns=\"http:\/\/www.w3.org\/2000\/svg\" width=\"22\" height=\"22\" viewbox=\"0 0 22 22\" fill=\"none\"><path d=\"M2.49042 21.4071L0.75 19.6667L17.1508 3.25H2.24042V0.75H21.4071V19.9167H18.9071V5.00625L2.49042 21.4071Z\" fill=\"#1C1B1F\"><\/path><\/svg><\/span>\n\t\t\t<span class='e-closed'><svg xmlns=\"http:\/\/www.w3.org\/2000\/svg\" width=\"22\" height=\"22\" viewbox=\"0 0 22 22\" fill=\"none\"><path d=\"M2.49042 21.4071L0.75 19.6667L17.1508 3.25H2.24042V0.75H21.4071V19.9167H18.9071V5.00625L2.49042 21.4071Z\" fill=\"#1C1B1F\"><\/path><\/svg><\/span>\n\t\t<\/span>\n\n\t\t\t\t\t\t<\/summary>\n\t\t\t\t<div role=\"region\" aria-labelledby=\"e-n-accordion-item-2490\" class=\"elementor-element elementor-element-0cf464f e-con-full e-flex e-con e-child\" data-id=\"0cf464f\" data-element_type=\"container\">\n\t\t<div role=\"region\" aria-labelledby=\"e-n-accordion-item-2490\" class=\"elementor-element elementor-element-853006c e-con-full e-flex e-con e-child\" data-id=\"853006c\" data-element_type=\"container\">\n\t\t\t\t<div class=\"elementor-element elementor-element-96c79e3 elementor-widget elementor-widget-text-editor\" data-id=\"96c79e3\" data-element_type=\"widget\" data-widget_type=\"text-editor.default\">\n\t\t\t\t<div class=\"elementor-widget-container\">\n\t\t\t\t\t\t\t\t\t<p><span style=\"font-weight: 400;\">Wir \u00fcbernehmen die komplette Planung und Umsetzung von Heizungs-, K\u00fchlungs-, L\u00fcftungs-, Klima-, Sanit\u00e4ranlagen sowie Medizintechnik \u2013 individuell angepasst an technische und \u00f6kologische Anforderungen.<\/span><\/p>\t\t\t\t\t\t\t\t<\/div>\n\t\t\t\t<\/div>\n\t\t\t\t<\/div>\n\t\t\t\t<\/div>\n\t\t\t\t\t<\/details>\n\t\t\t\t\t\t<details id=\"e-n-accordion-item-2491\" class=\"e-n-accordion-item\" >\n\t\t\t\t<summary class=\"e-n-accordion-item-title\" data-accordion-index=\"2\" tabindex=\"-1\" aria-expanded=\"false\" aria-controls=\"e-n-accordion-item-2491\" >\n\t\t\t\t\t<span class='e-n-accordion-item-title-header'><div class=\"e-n-accordion-item-title-text\"> 2. \u00dcbernehmen Sie die gesamte Projektkoordination? <\/div><\/span>\n\t\t\t\t\t\t\t<span class='e-n-accordion-item-title-icon'>\n\t\t\t<span class='e-opened' ><svg xmlns=\"http:\/\/www.w3.org\/2000\/svg\" width=\"22\" height=\"22\" viewbox=\"0 0 22 22\" fill=\"none\"><path d=\"M2.49042 21.4071L0.75 19.6667L17.1508 3.25H2.24042V0.75H21.4071V19.9167H18.9071V5.00625L2.49042 21.4071Z\" fill=\"#1C1B1F\"><\/path><\/svg><\/span>\n\t\t\t<span class='e-closed'><svg xmlns=\"http:\/\/www.w3.org\/2000\/svg\" width=\"22\" height=\"22\" viewbox=\"0 0 22 22\" fill=\"none\"><path d=\"M2.49042 21.4071L0.75 19.6667L17.1508 3.25H2.24042V0.75H21.4071V19.9167H18.9071V5.00625L2.49042 21.4071Z\" fill=\"#1C1B1F\"><\/path><\/svg><\/span>\n\t\t<\/span>\n\n\t\t\t\t\t\t<\/summary>\n\t\t\t\t<div role=\"region\" aria-labelledby=\"e-n-accordion-item-2491\" class=\"elementor-element elementor-element-936891f e-con-full e-flex e-con e-child\" data-id=\"936891f\" data-element_type=\"container\">\n\t\t<div role=\"region\" aria-labelledby=\"e-n-accordion-item-2491\" class=\"elementor-element elementor-element-b7880ac e-con-full e-flex e-con e-child\" data-id=\"b7880ac\" data-element_type=\"container\">\n\t\t\t\t<div class=\"elementor-element elementor-element-1ce7ea7 elementor-widget elementor-widget-text-editor\" data-id=\"1ce7ea7\" data-element_type=\"widget\" data-widget_type=\"text-editor.default\">\n\t\t\t\t<div class=\"elementor-widget-container\">\n\t\t\t\t\t\t\t\t\t<p><span style=\"font-weight: 400;\">Ja. Wir treten als Gesamtleiter auf und sind verantwortlich f\u00fcr Projektleitung, technische Koordination und Umsetzung aller geb\u00e4udetechnischen Gewerke.<\/span><\/p>\t\t\t\t\t\t\t\t<\/div>\n\t\t\t\t<\/div>\n\t\t\t\t<\/div>\n\t\t\t\t<\/div>\n\t\t\t\t\t<\/details>\n\t\t\t\t\t\t<details id=\"e-n-accordion-item-2492\" class=\"e-n-accordion-item\" >\n\t\t\t\t<summary class=\"e-n-accordion-item-title\" data-accordion-index=\"3\" tabindex=\"-1\" aria-expanded=\"false\" aria-controls=\"e-n-accordion-item-2492\" >\n\t\t\t\t\t<span class='e-n-accordion-item-title-header'><div class=\"e-n-accordion-item-title-text\"> 3. Wie stellen Sie sicher, dass Ihre Systeme energieeffizient und nachhaltig sind? <\/div><\/span>\n\t\t\t\t\t\t\t<span class='e-n-accordion-item-title-icon'>\n\t\t\t<span class='e-opened' ><svg xmlns=\"http:\/\/www.w3.org\/2000\/svg\" width=\"22\" height=\"22\" viewbox=\"0 0 22 22\" fill=\"none\"><path d=\"M2.49042 21.4071L0.75 19.6667L17.1508 3.25H2.24042V0.75H21.4071V19.9167H18.9071V5.00625L2.49042 21.4071Z\" fill=\"#1C1B1F\"><\/path><\/svg><\/span>\n\t\t\t<span class='e-closed'><svg xmlns=\"http:\/\/www.w3.org\/2000\/svg\" width=\"22\" height=\"22\" viewbox=\"0 0 22 22\" fill=\"none\"><path d=\"M2.49042 21.4071L0.75 19.6667L17.1508 3.25H2.24042V0.75H21.4071V19.9167H18.9071V5.00625L2.49042 21.4071Z\" fill=\"#1C1B1F\"><\/path><\/svg><\/span>\n\t\t<\/span>\n\n\t\t\t\t\t\t<\/summary>\n\t\t\t\t<div role=\"region\" aria-labelledby=\"e-n-accordion-item-2492\" class=\"elementor-element elementor-element-2841930 e-con-full e-flex e-con e-child\" data-id=\"2841930\" data-element_type=\"container\">\n\t\t<div role=\"region\" aria-labelledby=\"e-n-accordion-item-2492\" class=\"elementor-element elementor-element-09db96a e-con-full e-flex e-con e-child\" data-id=\"09db96a\" data-element_type=\"container\">\n\t\t\t\t<div class=\"elementor-element elementor-element-89d4371 elementor-widget elementor-widget-text-editor\" data-id=\"89d4371\" data-element_type=\"widget\" data-widget_type=\"text-editor.default\">\n\t\t\t\t<div class=\"elementor-widget-container\">\n\t\t\t\t\t\t\t\t\t<p><span style=\"font-weight: 400;\">Wir entwickeln innovative Energiekonzepte, setzen \u2013 wo m\u00f6glich \u2013 den Minergie-Standard ein und nutzen Optimierungsstrategien f\u00fcr maximale Effizienz und Nachhaltigkeit.<\/span><\/p>\t\t\t\t\t\t\t\t<\/div>\n\t\t\t\t<\/div>\n\t\t\t\t<\/div>\n\t\t\t\t<\/div>\n\t\t\t\t\t<\/details>\n\t\t\t\t\t\t<details id=\"e-n-accordion-item-2493\" class=\"e-n-accordion-item\" >\n\t\t\t\t<summary class=\"e-n-accordion-item-title\" data-accordion-index=\"4\" tabindex=\"-1\" aria-expanded=\"false\" aria-controls=\"e-n-accordion-item-2493\" >\n\t\t\t\t\t<span class='e-n-accordion-item-title-header'><div class=\"e-n-accordion-item-title-text\"> 4. Welche Werkzeuge nutzen Sie bei Planung und Design? <\/div><\/span>\n\t\t\t\t\t\t\t<span class='e-n-accordion-item-title-icon'>\n\t\t\t<span class='e-opened' ><svg xmlns=\"http:\/\/www.w3.org\/2000\/svg\" width=\"22\" height=\"22\" viewbox=\"0 0 22 22\" fill=\"none\"><path d=\"M2.49042 21.4071L0.75 19.6667L17.1508 3.25H2.24042V0.75H21.4071V19.9167H18.9071V5.00625L2.49042 21.4071Z\" fill=\"#1C1B1F\"><\/path><\/svg><\/span>\n\t\t\t<span class='e-closed'><svg xmlns=\"http:\/\/www.w3.org\/2000\/svg\" width=\"22\" height=\"22\" viewbox=\"0 0 22 22\" fill=\"none\"><path d=\"M2.49042 21.4071L0.75 19.6667L17.1508 3.25H2.24042V0.75H21.4071V19.9167H18.9071V5.00625L2.49042 21.4071Z\" fill=\"#1C1B1F\"><\/path><\/svg><\/span>\n\t\t<\/span>\n\n\t\t\t\t\t\t<\/summary>\n\t\t\t\t<div role=\"region\" aria-labelledby=\"e-n-accordion-item-2493\" class=\"elementor-element elementor-element-f25f9f8 e-con-full e-flex e-con e-child\" data-id=\"f25f9f8\" data-element_type=\"container\">\n\t\t<div role=\"region\" aria-labelledby=\"e-n-accordion-item-2493\" class=\"elementor-element elementor-element-7b91257 e-con-full e-flex e-con e-child\" data-id=\"7b91257\" data-element_type=\"container\">\n\t\t\t\t<div class=\"elementor-element elementor-element-d4c66dc elementor-widget elementor-widget-text-editor\" data-id=\"d4c66dc\" data-element_type=\"widget\" data-widget_type=\"text-editor.default\">\n\t\t\t\t<div class=\"elementor-widget-container\">\n\t\t\t\t\t\t\t\t\t<p><span style=\"font-weight: 400;\">Unsere Spezialisten arbeiten mit modernster 3D-CAD-Software und individuell angepassten BIM-Anwendungen f\u00fcr pr\u00e4zise Planung, Visualisierung und interdisziplin\u00e4re Koordination.<\/span><\/p>\t\t\t\t\t\t\t\t<\/div>\n\t\t\t\t<\/div>\n\t\t\t\t<\/div>\n\t\t\t\t<\/div>\n\t\t\t\t\t<\/details>\n\t\t\t\t\t\t<details id=\"e-n-accordion-item-2494\" class=\"e-n-accordion-item\" >\n\t\t\t\t<summary class=\"e-n-accordion-item-title\" data-accordion-index=\"5\" tabindex=\"-1\" aria-expanded=\"false\" aria-controls=\"e-n-accordion-item-2494\" >\n\t\t\t\t\t<span class='e-n-accordion-item-title-header'><div class=\"e-n-accordion-item-title-text\"> 5. K\u00f6nnen Sie Ihre Leistungen auch an komplexe oder medizinische Umgebungen anpassen? <\/div><\/span>\n\t\t\t\t\t\t\t<span class='e-n-accordion-item-title-icon'>\n\t\t\t<span class='e-opened' ><svg xmlns=\"http:\/\/www.w3.org\/2000\/svg\" width=\"22\" height=\"22\" viewbox=\"0 0 22 22\" fill=\"none\"><path d=\"M2.49042 21.4071L0.75 19.6667L17.1508 3.25H2.24042V0.75H21.4071V19.9167H18.9071V5.00625L2.49042 21.4071Z\" fill=\"#1C1B1F\"><\/path><\/svg><\/span>\n\t\t\t<span class='e-closed'><svg xmlns=\"http:\/\/www.w3.org\/2000\/svg\" width=\"22\" height=\"22\" viewbox=\"0 0 22 22\" fill=\"none\"><path d=\"M2.49042 21.4071L0.75 19.6667L17.1508 3.25H2.24042V0.75H21.4071V19.9167H18.9071V5.00625L2.49042 21.4071Z\" fill=\"#1C1B1F\"><\/path><\/svg><\/span>\n\t\t<\/span>\n\n\t\t\t\t\t\t<\/summary>\n\t\t\t\t<div role=\"region\" aria-labelledby=\"e-n-accordion-item-2494\" class=\"elementor-element elementor-element-adfaa6e e-con-full e-flex e-con e-child\" data-id=\"adfaa6e\" data-element_type=\"container\">\n\t\t<div role=\"region\" aria-labelledby=\"e-n-accordion-item-2494\" class=\"elementor-element elementor-element-dd6d430 e-con-full e-flex e-con e-child\" data-id=\"dd6d430\" data-element_type=\"container\">\n\t\t\t\t<div class=\"elementor-element elementor-element-c212ef2 elementor-widget elementor-widget-text-editor\" data-id=\"c212ef2\" data-element_type=\"widget\" data-widget_type=\"text-editor.default\">\n\t\t\t\t<div class=\"elementor-widget-container\">\n\t\t\t\t\t\t\t\t\t<p><span style=\"font-weight: 400;\">Absolut. Wir planen spezialisierte Systeme f\u00fcr medizinische Gase, Brandschutz und sanit\u00e4re Anforderungen \u2013 etwa f\u00fcr Gesundheitseinrichtungen oder andere technisch anspruchsvolle Bereiche.<\/span><\/p>\t\t\t\t\t\t\t\t<\/div>\n\t\t\t\t<\/div>\n\t\t\t\t<\/div>\n\t\t\t\t<\/div>\n\t\t\t\t\t<\/details>\n\t\t\t\t\t\t<details id=\"e-n-accordion-item-2495\" class=\"e-n-accordion-item\" >\n\t\t\t\t<summary class=\"e-n-accordion-item-title\" data-accordion-index=\"6\" tabindex=\"-1\" aria-expanded=\"false\" aria-controls=\"e-n-accordion-item-2495\" >\n\t\t\t\t\t<span class='e-n-accordion-item-title-header'><div class=\"e-n-accordion-item-title-text\"> 6. Welche Unterst\u00fctzung bieten Sie nach der Installation? <\/div><\/span>\n\t\t\t\t\t\t\t<span class='e-n-accordion-item-title-icon'>\n\t\t\t<span class='e-opened' ><svg xmlns=\"http:\/\/www.w3.org\/2000\/svg\" width=\"22\" height=\"22\" viewbox=\"0 0 22 22\" fill=\"none\"><path d=\"M2.49042 21.4071L0.75 19.6667L17.1508 3.25H2.24042V0.75H21.4071V19.9167H18.9071V5.00625L2.49042 21.4071Z\" fill=\"#1C1B1F\"><\/path><\/svg><\/span>\n\t\t\t<span class='e-closed'><svg xmlns=\"http:\/\/www.w3.org\/2000\/svg\" width=\"22\" height=\"22\" viewbox=\"0 0 22 22\" fill=\"none\"><path d=\"M2.49042 21.4071L0.75 19.6667L17.1508 3.25H2.24042V0.75H21.4071V19.9167H18.9071V5.00625L2.49042 21.4071Z\" fill=\"#1C1B1F\"><\/path><\/svg><\/span>\n\t\t<\/span>\n\n\t\t\t\t\t\t<\/summary>\n\t\t\t\t<div role=\"region\" aria-labelledby=\"e-n-accordion-item-2495\" class=\"elementor-element elementor-element-ffecdf4 e-con-full e-flex e-con e-child\" data-id=\"ffecdf4\" data-element_type=\"container\">\n\t\t<div role=\"region\" aria-labelledby=\"e-n-accordion-item-2495\" class=\"elementor-element elementor-element-67dd9be e-con-full e-flex e-con e-child\" data-id=\"67dd9be\" data-element_type=\"container\">\n\t\t\t\t<div class=\"elementor-element elementor-element-61fff7c elementor-widget elementor-widget-text-editor\" data-id=\"61fff7c\" data-element_type=\"widget\" data-widget_type=\"text-editor.default\">\n\t\t\t\t<div class=\"elementor-widget-container\">\n\t\t\t\t\t\t\t\t\t<p><span style=\"font-weight: 400;\">Wir schulen das Betriebspersonal, erstellen Betriebs- und Wartungskonzepte und stehen f\u00fcr Anpassungen, Bewertungen und technische Beratungen jederzeit zur Verf\u00fcgung.<\/span><\/p>\t\t\t\t\t\t\t\t<\/div>\n\t\t\t\t<\/div>\n\t\t\t\t<\/div>\n\t\t\t\t<\/div>\n\t\t\t\t\t<\/details>\n\t\t\t\t\t<\/div>\n\t\t\t\t\t\t<\/div>\n\t\t\t\t<\/div>\n\t\t\t\t<\/div>\n\t\t\t\t\t<\/div>\n\t\t\t\t<\/div>\n\t\t\t\t<\/div>","protected":false},"excerpt":{"rendered":"<p>Home \/Industries Services Heating \/ Cooling 01 Heating and cooling systems with energy consulting, Minergie-certified concepts, and full project execution using advanced CAD and BIM tools. Ventilation \/ Air conditioning 02 Expert ventilation and air conditioning solutions covering planning, execution, and maintenance\u2014optimized with BIM, 3D CAD, and precise system evaluations. Sanitary\/ Medical technology 03 Specialized [&hellip;]<\/p>","protected":false},"author":1,"featured_media":0,"parent":0,"menu_order":0,"comment_status":"closed","ping_status":"closed","template":"elementor_header_footer","meta":{"footnotes":""},"class_list":["post-373","page","type-page","status-publish","hentry"],"_links":{"self":[{"href":"https:\/\/w-drei.ch\/de\/wp-json\/wp\/v2\/pages\/373","targetHints":{"allow":["GET"]}}],"collection":[{"href":"https:\/\/w-drei.ch\/de\/wp-json\/wp\/v2\/pages"}],"about":[{"href":"https:\/\/w-drei.ch\/de\/wp-json\/wp\/v2\/types\/page"}],"author":[{"embeddable":true,"href":"https:\/\/w-drei.ch\/de\/wp-json\/wp\/v2\/users\/1"}],"replies":[{"embeddable":true,"href":"https:\/\/w-drei.ch\/de\/wp-json\/wp\/v2\/comments?post=373"}],"version-history":[{"count":67,"href":"https:\/\/w-drei.ch\/de\/wp-json\/wp\/v2\/pages\/373\/revisions"}],"predecessor-version":[{"id":1773,"href":"https:\/\/w-drei.ch\/de\/wp-json\/wp\/v2\/pages\/373\/revisions\/1773"}],"wp:attachment":[{"href":"https:\/\/w-drei.ch\/de\/wp-json\/wp\/v2\/media?parent=373"}],"curies":[{"name":"wp","href":"https:\/\/api.w.org\/{rel}","templated":true}]}}